{"id":46,"date":"2024-04-23T13:12:57","date_gmt":"2024-04-23T13:12:57","guid":{"rendered":"https:\/\/adoring-northcutt.87-106-176-185.plesk.page\/?page_id=46"},"modified":"2024-06-19T07:11:16","modified_gmt":"2024-06-19T07:11:16","slug":"unternehmen","status":"publish","type":"page","link":"https:\/\/www.seatrader.de\/en\/unternehmen\/","title":{"rendered":"History"},"content":{"rendered":"<div data-elementor-type=\"wp-page\" data-elementor-id=\"46\" class=\"elementor elementor-46\" data-elementor-post-type=\"page\">\n\t\t\t\t\t\t<section class=\"elementor-section elementor-top-section elementor-element elementor-element-c12c062 elementor-section-content-middle elementor-section-stretched elementor-section-full_width elementor-section-height-default elementor-section-height-default\" data-id=\"c12c062\" data-element_type=\"section\" data-e-type=\"section\" data-settings=\"{&quot;background_background&quot;:&quot;classic&quot;,&quot;stretch_section&quot;:&quot;section-stretched&quot;,&quot;shape_divider_bottom&quot;:&quot;opacity-tilt&quot;}\">\n\t\t\t\t\t<div class=\"elementor-shape elementor-shape-bottom\" aria-hidden=\"true\" data-negative=\"false\">\n\t\t\t<svg xmlns=\"http:\/\/www.w3.org\/2000\/svg\" viewbox=\"0 0 2600 131.1\" preserveaspectratio=\"none\">\n\t<path class=\"elementor-shape-fill\" d=\"M0 0L2600 0 2600 69.1 0 0z\"\/>\n\t<path class=\"elementor-shape-fill\" style=\"opacity:0.5\" d=\"M0 0L2600 0 2600 69.1 0 69.1z\"\/>\n\t<path class=\"elementor-shape-fill\" style=\"opacity:0.25\" d=\"M2600 0L0 0 0 130.1 2600 69.1z\"\/>\n<\/svg>\t\t<\/div>\n\t\t\t\t\t<div class=\"elementor-container elementor-column-gap-no\">\n\t\t\t\t\t<div class=\"elementor-column elementor-col-100 elementor-top-column elementor-element elementor-element-49f25006\" data-id=\"49f25006\" data-element_type=\"column\" data-e-type=\"column\" data-settings=\"{&quot;background_background&quot;:&quot;classic&quot;}\">\n\t\t\t<div class=\"elementor-widget-wrap elementor-element-populated\">\n\t\t\t\t\t\t<div class=\"elementor-element elementor-element-2f5958c elementor-widget elementor-widget-image\" data-id=\"2f5958c\" data-element_type=\"widget\" data-e-type=\"widget\" data-widget_type=\"image.default\">\n\t\t\t\t<div class=\"elementor-widget-container\">\n\t\t\t\t\t\t\t\t\t\t\t\t\t\t\t<img decoding=\"async\" src=\"https:\/\/www.seatrader.de\/wp-content\/uploads\/elementor\/thumbs\/Sbizhub224051509430_page-0001-qo73lmya1iak3okhnn0jjvd4ke6jpjp3q9j7l9bwyo.jpg\" title=\"Sbizhub224051509430_page-0001\" alt=\"Sbizhub224051509430_page-0001\" loading=\"lazy\" \/>\t\t\t\t\t\t\t\t\t\t\t\t\t\t\t<\/div>\n\t\t\t\t<\/div>\n\t\t\t\t<section class=\"elementor-section elementor-inner-section elementor-element elementor-element-11eacde2 elementor-section-boxed elementor-section-height-default elementor-section-height-default\" data-id=\"11eacde2\" data-element_type=\"section\" data-e-type=\"section\">\n\t\t\t\t\t\t<div class=\"elementor-container elementor-column-gap-wider\">\n\t\t\t\t\t<div class=\"elementor-column elementor-col-100 elementor-inner-column elementor-element elementor-element-77f6a2dd\" data-id=\"77f6a2dd\" data-element_type=\"column\" data-e-type=\"column\" data-settings=\"{&quot;background_background&quot;:&quot;classic&quot;}\">\n\t\t\t<div class=\"elementor-widget-wrap elementor-element-populated\">\n\t\t\t\t\t\t<div class=\"elementor-element elementor-element-9aab655 elementor-widget elementor-widget-heading\" data-id=\"9aab655\" data-element_type=\"widget\" data-e-type=\"widget\" data-widget_type=\"heading.default\">\n\t\t\t\t<div class=\"elementor-widget-container\">\n\t\t\t\t\t<h2 class=\"elementor-heading-title elementor-size-default\">Our history<\/h2>\t\t\t\t<\/div>\n\t\t\t\t<\/div>\n\t\t\t\t<div class=\"elementor-element elementor-element-91de405 elementor-widget-divider--view-line elementor-invisible elementor-widget elementor-widget-divider\" data-id=\"91de405\" data-element_type=\"widget\" data-e-type=\"widget\" data-settings=\"{&quot;_animation&quot;:&quot;fadeInUp&quot;}\" data-widget_type=\"divider.default\">\n\t\t\t\t<div class=\"elementor-widget-container\">\n\t\t\t\t\t\t\t<div class=\"elementor-divider\">\n\t\t\t<span class=\"elementor-divider-separator\">\n\t\t\t\t\t\t<\/span>\n\t\t<\/div>\n\t\t\t\t\t\t<\/div>\n\t\t\t\t<\/div>\n\t\t<div class=\"elementor-element elementor-element-314677a e-flex e-con-boxed e-con e-parent\" data-id=\"314677a\" data-element_type=\"container\" data-e-type=\"container\">\n\t\t\t\t\t<div class=\"e-con-inner\">\n\t\t\t\t<div class=\"elementor-element elementor-element-56cbc99 elementor-widget elementor-widget-image\" data-id=\"56cbc99\" data-element_type=\"widget\" data-e-type=\"widget\" data-widget_type=\"image.default\">\n\t\t\t\t<div class=\"elementor-widget-container\">\n\t\t\t\t\t\t\t\t\t\t\t\t\t\t\t<img fetchpriority=\"high\" decoding=\"async\" width=\"586\" height=\"839\" src=\"https:\/\/www.seatrader.de\/wp-content\/uploads\/2024\/05\/Sbizhub224051509420_page-0001-e1715775870342.jpg\" class=\"attachment-large size-large wp-image-600\" alt=\"\" srcset=\"https:\/\/www.seatrader.de\/wp-content\/uploads\/2024\/05\/Sbizhub224051509420_page-0001-e1715775870342.jpg 586w, https:\/\/www.seatrader.de\/wp-content\/uploads\/2024\/05\/Sbizhub224051509420_page-0001-e1715775870342-210x300.jpg 210w\" sizes=\"(max-width: 586px) 100vw, 586px\" \/>\t\t\t\t\t\t\t\t\t\t\t\t\t\t\t<\/div>\n\t\t\t\t<\/div>\n\t\t\t\t<div class=\"elementor-element elementor-element-cd35f84 elementor-widget elementor-widget-text-editor\" data-id=\"cd35f84\" data-element_type=\"widget\" data-e-type=\"widget\" data-widget_type=\"text-editor.default\">\n\t\t\t\t<div class=\"elementor-widget-container\">\n\t\t\t\t\t\t\t\t\t<p>In <strong>1991<\/strong> our company was founded.<\/p><p>Vier Jahre sp\u00e4ter, 1995, zogen wir innerhalb Bremens in die Carsten-Dre\u00dfler-Stra\u00dfe um und boten erstmals Lagerfl\u00e4chen zus\u00e4tzlich zum Speditionsgesch\u00e4ft an.<\/p><p>\u00a0<\/p>\t\t\t\t\t\t\t\t<\/div>\n\t\t\t\t<\/div>\n\t\t\t\t\t<\/div>\n\t\t\t\t<\/div>\n\t\t<div class=\"elementor-element elementor-element-be50b4b e-flex e-con-boxed e-con e-parent\" data-id=\"be50b4b\" data-element_type=\"container\" data-e-type=\"container\">\n\t\t\t\t\t<div class=\"e-con-inner\">\n\t\t\t\t<div class=\"elementor-element elementor-element-122637c elementor-widget elementor-widget-text-editor\" data-id=\"122637c\" data-element_type=\"widget\" data-e-type=\"widget\" data-widget_type=\"text-editor.default\">\n\t\t\t\t<div class=\"elementor-widget-container\">\n\t\t\t\t\t\t\t\t\t<p>In 2009, we relocated to Bremen-Arsten and expanded our capacities to 8000 square meters of storage space.<\/p><p>In 2018, we bought a new company site in Weyhe-Dreye, and in 2019 we handed over the company to our sons Julian Arcizewski and Hauke Bauer.<\/p>\t\t\t\t\t\t\t\t<\/div>\n\t\t\t\t<\/div>\n\t\t<div class=\"elementor-element elementor-element-90d127f e-flex e-con-boxed e-con e-child\" data-id=\"90d127f\" data-element_type=\"container\" data-e-type=\"container\">\n\t\t\t\t\t<div class=\"e-con-inner\">\n\t\t\t\t<div class=\"elementor-element elementor-element-0fc35d3 elementor-widget elementor-widget-text-editor\" data-id=\"0fc35d3\" data-element_type=\"widget\" data-e-type=\"widget\" data-widget_type=\"text-editor.default\">\n\t\t\t\t<div class=\"elementor-widget-container\">\n\t\t\t\t\t\t\t\t\t<p>Im Jahr 2020 zogen wir in ein neues B\u00fcro mit einer Hallenfl\u00e4che von etwa 10.000 Quadratmetern und richteten eine ebenso gro\u00dfe Photovoltaikanlage zur Selbstversorgung ein.<\/p>\t\t\t\t\t\t\t\t<\/div>\n\t\t\t\t<\/div>\n\t\t\t\t<div class=\"elementor-element elementor-element-b69d36a elementor-widget elementor-widget-image\" data-id=\"b69d36a\" data-element_type=\"widget\" data-e-type=\"widget\" data-widget_type=\"image.default\">\n\t\t\t\t<div class=\"elementor-widget-container\">\n\t\t\t\t\t\t\t\t\t\t\t\t\t\t\t<img decoding=\"async\" width=\"800\" height=\"599\" src=\"https:\/\/www.seatrader.de\/wp-content\/uploads\/2024\/04\/PHOTO-2024-03-09-12-24-46-2-1024x767.jpg\" class=\"attachment-large size-large wp-image-29\" alt=\"\" srcset=\"https:\/\/www.seatrader.de\/wp-content\/uploads\/2024\/04\/PHOTO-2024-03-09-12-24-46-2-1024x767.jpg 1024w, https:\/\/www.seatrader.de\/wp-content\/uploads\/2024\/04\/PHOTO-2024-03-09-12-24-46-2-300x225.jpg 300w, https:\/\/www.seatrader.de\/wp-content\/uploads\/2024\/04\/PHOTO-2024-03-09-12-24-46-2-768x575.jpg 768w, https:\/\/www.seatrader.de\/wp-content\/uploads\/2024\/04\/PHOTO-2024-03-09-12-24-46-2-1536x1150.jpg 1536w, https:\/\/www.seatrader.de\/wp-content\/uploads\/2024\/04\/PHOTO-2024-03-09-12-24-46-2.jpg 1600w\" sizes=\"(max-width: 800px) 100vw, 800px\" \/>\t\t\t\t\t\t\t\t\t\t\t\t\t\t\t<\/div>\n\t\t\t\t<\/div>\n\t\t\t\t\t<\/div>\n\t\t\t\t<\/div>\n\t\t\t\t\t<\/div>\n\t\t\t\t<\/div>\n\t\t<div class=\"elementor-element elementor-element-71b6551 e-flex e-con-boxed e-con e-parent\" data-id=\"71b6551\" data-element_type=\"container\" data-e-type=\"container\">\n\t\t\t\t\t<div class=\"e-con-inner\">\n\t\t\t\t<div class=\"elementor-element elementor-element-719bc7e elementor-widget__width-initial elementor-widget elementor-widget-image-carousel\" data-id=\"719bc7e\" data-element_type=\"widget\" data-e-type=\"widget\" data-settings=\"{&quot;slides_to_show&quot;:&quot;1&quot;,&quot;navigation&quot;:&quot;none&quot;,&quot;autoplay&quot;:&quot;yes&quot;,&quot;pause_on_hover&quot;:&quot;yes&quot;,&quot;pause_on_interaction&quot;:&quot;yes&quot;,&quot;autoplay_speed&quot;:5000,&quot;infinite&quot;:&quot;yes&quot;,&quot;effect&quot;:&quot;slide&quot;,&quot;speed&quot;:500}\" data-widget_type=\"image-carousel.default\">\n\t\t\t\t<div class=\"elementor-widget-container\">\n\t\t\t\t\t\t\t<div class=\"elementor-image-carousel-wrapper swiper\" role=\"region\" aria-roledescription=\"carousel\" aria-label=\"Bild Karussell\" dir=\"ltr\">\n\t\t\t<div class=\"elementor-image-carousel swiper-wrapper\" aria-live=\"off\">\n\t\t\t\t\t\t\t\t<div class=\"swiper-slide\" role=\"group\" aria-roledescription=\"slide\" aria-label=\"1 von 1\"><figure class=\"swiper-slide-inner\"><img decoding=\"async\" class=\"swiper-slide-image\" src=\"https:\/\/www.seatrader.de\/wp-content\/uploads\/2024\/04\/PHOTO-2024-03-09-12-24-44-1.jpg\" alt=\"PHOTO-2024-03-09-12-24-44\" \/><\/figure><\/div>\t\t\t<\/div>\n\t\t\t\t\t<\/div>\n\t\t\t\t\t\t<\/div>\n\t\t\t\t<\/div>\n\t\t\t\t<div class=\"elementor-element elementor-element-e83480a elementor-widget elementor-widget-text-editor\" data-id=\"e83480a\" data-element_type=\"widget\" data-e-type=\"widget\" data-widget_type=\"text-editor.default\">\n\t\t\t\t<div class=\"elementor-widget-container\">\n\t\t\t\t\t\t\t\t\t<p>In 2023, we completed the construction of another warehouse and expanded our truck fleet.<\/p>\t\t\t\t\t\t\t\t<\/div>\n\t\t\t\t<\/div>\n\t\t\t\t\t<\/div>\n\t\t\t\t<\/div>\n\t\t\t\t<div class=\"elementor-element elementor-element-4a808845 elementor-align-center elementor-mobile-align-left elementor-invisible elementor-widget elementor-widget-button\" data-id=\"4a808845\" data-element_type=\"widget\" data-e-type=\"widget\" data-settings=\"{&quot;_animation&quot;:&quot;fadeInUp&quot;,&quot;_animation_delay&quot;:800}\" data-widget_type=\"button.default\">\n\t\t\t\t<div class=\"elementor-widget-container\">\n\t\t\t\t\t\t\t\t\t<div class=\"elementor-button-wrapper\">\n\t\t\t\t\t<a class=\"elementor-button elementor-button-link elementor-size-md elementor-animation-float\" href=\"https:\/\/adoring-northcutt.87-106-176-185.plesk.page\/kontakt\/\">\n\t\t\t\t\t\t<span class=\"elementor-button-content-wrapper\">\n\t\t\t\t\t\t<span class=\"elementor-button-icon\">\n\t\t\t\t<svg aria-hidden=\"true\" class=\"e-font-icon-svg e-fas-long-arrow-alt-right\" viewbox=\"0 0 448 512\" xmlns=\"http:\/\/www.w3.org\/2000\/svg\"><path d=\"M313.941 216H12c-6.627 0-12 5.373-12 12v56c0 6.627 5.373 12 12 12h301.941v46.059c0 21.382 25.851 32.09 40.971 16.971l86.059-86.059c9.373-9.373 9.373-24.569 0-33.941l-86.059-86.059c-15.119-15.119-40.971-4.411-40.971 16.971V216z\"><\/path><\/svg>\t\t\t<\/span>\n\t\t\t\t\t\t\t\t\t<span class=\"elementor-button-text\">Contact<\/span>\n\t\t\t\t\t<\/span>\n\t\t\t\t\t<\/a>\n\t\t\t\t<\/div>\n\t\t\t\t\t\t\t\t<\/div>\n\t\t\t\t<\/div>\n\t\t\t\t\t<\/div>\n\t\t<\/div>\n\t\t\t\t\t<\/div>\n\t\t<\/section>\n\t\t\t\t\t<\/div>\n\t\t<\/div>\n\t\t\t\t\t<\/div>\n\t\t<\/section>\n\t\t\t\t<\/div>","protected":false},"excerpt":{"rendered":"<p>Unsere Geschichte Unser Unternehmen wurde im Jahr 1991 gegr\u00fcndet. Vier Jahre sp\u00e4ter, 1995, zogen wir innerhalb Bremens in die Carsten-Dre\u00dfler-Stra\u00dfe um und boten erstmals Lagerfl\u00e4chen zus\u00e4tzlich zum Speditionsgesch\u00e4ft an. \u00a0 Im Jahr 2009 erfolgte der Umzug nach Bremen-Arsten, wobei wir unsere Kapazit\u00e4ten auf 8000 Quadratmeter Lagerfl\u00e4che erweiterten. 2018 kauften wir ein neues Firmengel\u00e4nde in Weyhe-Dreye, [&hellip;]<\/p>\n","protected":false},"author":1,"featured_media":0,"parent":0,"menu_order":0,"comment_status":"closed","ping_status":"closed","template":"","meta":{"footnotes":""},"class_list":["post-46","page","type-page","status-publish","hentry"],"yoast_head":"<!-- This site is optimized with the Yoast SEO plugin v27.2 - https:\/\/yoast.com\/product\/yoast-seo-wordpress\/ -->\n<title>Geschichte - Seatrader Spedition<\/title>\n<meta name=\"robots\" content=\"index, follow, max-snippet:-1, max-image-preview:large, max-video-preview:-1\" \/>\n<link rel=\"canonical\" href=\"https:\/\/www.seatrader.de\/en\/unternehmen\/\" \/>\n<meta property=\"og:locale\" content=\"en_US\" \/>\n<meta property=\"og:type\" content=\"article\" \/>\n<meta property=\"og:title\" content=\"Geschichte - Seatrader Spedition\" \/>\n<meta property=\"og:description\" content=\"Unsere Geschichte Unser Unternehmen wurde im Jahr 1991 gegr\u00fcndet. Vier Jahre sp\u00e4ter, 1995, zogen wir innerhalb Bremens in die Carsten-Dre\u00dfler-Stra\u00dfe um und boten erstmals Lagerfl\u00e4chen zus\u00e4tzlich zum Speditionsgesch\u00e4ft an. \u00a0 Im Jahr 2009 erfolgte der Umzug nach Bremen-Arsten, wobei wir unsere Kapazit\u00e4ten auf 8000 Quadratmeter Lagerfl\u00e4che erweiterten. 2018 kauften wir ein neues Firmengel\u00e4nde in Weyhe-Dreye, [&hellip;]\" \/>\n<meta property=\"og:url\" content=\"https:\/\/www.seatrader.de\/en\/unternehmen\/\" \/>\n<meta property=\"og:site_name\" content=\"Seatrader Spedition\" \/>\n<meta property=\"article:modified_time\" content=\"2024-06-19T07:11:16+00:00\" \/>\n<meta property=\"og:image\" content=\"https:\/\/www.seatrader.de\/wp-content\/uploads\/elementor\/thumbs\/Sbizhub224051509430_page-0001-qo73lmya1iak3okhnn0jjvd4ke6jpjp3q9j7l9bwyo.jpg\" \/>\n<meta name=\"twitter:card\" content=\"summary_large_image\" \/>\n<meta name=\"twitter:label1\" content=\"Est. reading time\" \/>\n\t<meta name=\"twitter:data1\" content=\"1 minute\" \/>\n<script type=\"application\/ld+json\" class=\"yoast-schema-graph\">{\"@context\":\"https:\/\/schema.org\",\"@graph\":[{\"@type\":\"WebPage\",\"@id\":\"https:\/\/www.seatrader.de\/unternehmen\/\",\"url\":\"https:\/\/www.seatrader.de\/unternehmen\/\",\"name\":\"Geschichte - Seatrader Spedition\",\"isPartOf\":{\"@id\":\"https:\/\/www.seatrader.de\/en\/#website\"},\"primaryImageOfPage\":{\"@id\":\"https:\/\/www.seatrader.de\/unternehmen\/#primaryimage\"},\"image\":{\"@id\":\"https:\/\/www.seatrader.de\/unternehmen\/#primaryimage\"},\"thumbnailUrl\":\"https:\/\/www.seatrader.de\/wp-content\/uploads\/elementor\/thumbs\/Sbizhub224051509430_page-0001-qo73lmya1iak3okhnn0jjvd4ke6jpjp3q9j7l9bwyo.jpg\",\"datePublished\":\"2024-04-23T13:12:57+00:00\",\"dateModified\":\"2024-06-19T07:11:16+00:00\",\"breadcrumb\":{\"@id\":\"https:\/\/www.seatrader.de\/unternehmen\/#breadcrumb\"},\"inLanguage\":\"en-US\",\"potentialAction\":[{\"@type\":\"ReadAction\",\"target\":[\"https:\/\/www.seatrader.de\/unternehmen\/\"]}]},{\"@type\":\"ImageObject\",\"inLanguage\":\"en-US\",\"@id\":\"https:\/\/www.seatrader.de\/unternehmen\/#primaryimage\",\"url\":\"https:\/\/www.seatrader.de\/wp-content\/uploads\/elementor\/thumbs\/Sbizhub224051509430_page-0001-qo73lmya1iak3okhnn0jjvd4ke6jpjp3q9j7l9bwyo.jpg\",\"contentUrl\":\"https:\/\/www.seatrader.de\/wp-content\/uploads\/elementor\/thumbs\/Sbizhub224051509430_page-0001-qo73lmya1iak3okhnn0jjvd4ke6jpjp3q9j7l9bwyo.jpg\"},{\"@type\":\"BreadcrumbList\",\"@id\":\"https:\/\/www.seatrader.de\/unternehmen\/#breadcrumb\",\"itemListElement\":[{\"@type\":\"ListItem\",\"position\":1,\"name\":\"Startseite\",\"item\":\"https:\/\/www.seatrader.de\/en\/\"},{\"@type\":\"ListItem\",\"position\":2,\"name\":\"Geschichte\"}]},{\"@type\":\"WebSite\",\"@id\":\"https:\/\/www.seatrader.de\/en\/#website\",\"url\":\"https:\/\/www.seatrader.de\/en\/\",\"name\":\"Seatrader Spedition\",\"description\":\"\",\"potentialAction\":[{\"@type\":\"SearchAction\",\"target\":{\"@type\":\"EntryPoint\",\"urlTemplate\":\"https:\/\/www.seatrader.de\/en\/?s={search_term_string}\"},\"query-input\":{\"@type\":\"PropertyValueSpecification\",\"valueRequired\":true,\"valueName\":\"search_term_string\"}}],\"inLanguage\":\"en-US\"}]}<\/script>\n<!-- \/ Yoast SEO plugin. -->","yoast_head_json":{"title":"Geschichte - Seatrader Spedition","robots":{"index":"index","follow":"follow","max-snippet":"max-snippet:-1","max-image-preview":"max-image-preview:large","max-video-preview":"max-video-preview:-1"},"canonical":"https:\/\/www.seatrader.de\/en\/unternehmen\/","og_locale":"en_US","og_type":"article","og_title":"Geschichte - Seatrader Spedition","og_description":"Unsere Geschichte Unser Unternehmen wurde im Jahr 1991 gegr\u00fcndet. Vier Jahre sp\u00e4ter, 1995, zogen wir innerhalb Bremens in die Carsten-Dre\u00dfler-Stra\u00dfe um und boten erstmals Lagerfl\u00e4chen zus\u00e4tzlich zum Speditionsgesch\u00e4ft an. \u00a0 Im Jahr 2009 erfolgte der Umzug nach Bremen-Arsten, wobei wir unsere Kapazit\u00e4ten auf 8000 Quadratmeter Lagerfl\u00e4che erweiterten. 2018 kauften wir ein neues Firmengel\u00e4nde in Weyhe-Dreye, [&hellip;]","og_url":"https:\/\/www.seatrader.de\/en\/unternehmen\/","og_site_name":"Seatrader Spedition","article_modified_time":"2024-06-19T07:11:16+00:00","og_image":[{"url":"https:\/\/www.seatrader.de\/wp-content\/uploads\/elementor\/thumbs\/Sbizhub224051509430_page-0001-qo73lmya1iak3okhnn0jjvd4ke6jpjp3q9j7l9bwyo.jpg","type":"","width":"","height":""}],"twitter_card":"summary_large_image","twitter_misc":{"Est. reading time":"1 minute"},"schema":{"@context":"https:\/\/schema.org","@graph":[{"@type":"WebPage","@id":"https:\/\/www.seatrader.de\/unternehmen\/","url":"https:\/\/www.seatrader.de\/unternehmen\/","name":"Geschichte - Seatrader Spedition","isPartOf":{"@id":"https:\/\/www.seatrader.de\/en\/#website"},"primaryImageOfPage":{"@id":"https:\/\/www.seatrader.de\/unternehmen\/#primaryimage"},"image":{"@id":"https:\/\/www.seatrader.de\/unternehmen\/#primaryimage"},"thumbnailUrl":"https:\/\/www.seatrader.de\/wp-content\/uploads\/elementor\/thumbs\/Sbizhub224051509430_page-0001-qo73lmya1iak3okhnn0jjvd4ke6jpjp3q9j7l9bwyo.jpg","datePublished":"2024-04-23T13:12:57+00:00","dateModified":"2024-06-19T07:11:16+00:00","breadcrumb":{"@id":"https:\/\/www.seatrader.de\/unternehmen\/#breadcrumb"},"inLanguage":"en-US","potentialAction":[{"@type":"ReadAction","target":["https:\/\/www.seatrader.de\/unternehmen\/"]}]},{"@type":"ImageObject","inLanguage":"en-US","@id":"https:\/\/www.seatrader.de\/unternehmen\/#primaryimage","url":"https:\/\/www.seatrader.de\/wp-content\/uploads\/elementor\/thumbs\/Sbizhub224051509430_page-0001-qo73lmya1iak3okhnn0jjvd4ke6jpjp3q9j7l9bwyo.jpg","contentUrl":"https:\/\/www.seatrader.de\/wp-content\/uploads\/elementor\/thumbs\/Sbizhub224051509430_page-0001-qo73lmya1iak3okhnn0jjvd4ke6jpjp3q9j7l9bwyo.jpg"},{"@type":"BreadcrumbList","@id":"https:\/\/www.seatrader.de\/unternehmen\/#breadcrumb","itemListElement":[{"@type":"ListItem","position":1,"name":"Startseite","item":"https:\/\/www.seatrader.de\/en\/"},{"@type":"ListItem","position":2,"name":"Geschichte"}]},{"@type":"WebSite","@id":"https:\/\/www.seatrader.de\/en\/#website","url":"https:\/\/www.seatrader.de\/en\/","name":"Seatrader Spedition","description":"","potentialAction":[{"@type":"SearchAction","target":{"@type":"EntryPoint","urlTemplate":"https:\/\/www.seatrader.de\/en\/?s={search_term_string}"},"query-input":{"@type":"PropertyValueSpecification","valueRequired":true,"valueName":"search_term_string"}}],"inLanguage":"en-US"}]}},"_links":{"self":[{"href":"https:\/\/www.seatrader.de\/en\/wp-json\/wp\/v2\/pages\/46","targetHints":{"allow":["GET"]}}],"collection":[{"href":"https:\/\/www.seatrader.de\/en\/wp-json\/wp\/v2\/pages"}],"about":[{"href":"https:\/\/www.seatrader.de\/en\/wp-json\/wp\/v2\/types\/page"}],"author":[{"embeddable":true,"href":"https:\/\/www.seatrader.de\/en\/wp-json\/wp\/v2\/users\/1"}],"replies":[{"embeddable":true,"href":"https:\/\/www.seatrader.de\/en\/wp-json\/wp\/v2\/comments?post=46"}],"version-history":[{"count":101,"href":"https:\/\/www.seatrader.de\/en\/wp-json\/wp\/v2\/pages\/46\/revisions"}],"predecessor-version":[{"id":1516,"href":"https:\/\/www.seatrader.de\/en\/wp-json\/wp\/v2\/pages\/46\/revisions\/1516"}],"wp:attachment":[{"href":"https:\/\/www.seatrader.de\/en\/wp-json\/wp\/v2\/media?parent=46"}],"curies":[{"name":"wp","href":"https:\/\/api.w.org\/{rel}","templated":true}]}}